{"id":2599,"date":"2023-09-10T21:42:20","date_gmt":"2023-09-10T19:42:20","guid":{"rendered":"https:\/\/latelierdusequoia.fr\/?post_type=product&#038;p=2599"},"modified":"2023-11-11T16:22:33","modified_gmt":"2023-11-11T15:22:33","slug":"collier-coeur-orange","status":"publish","type":"product","link":"https:\/\/latelierdusequoia.fr\/index.php\/product\/collier-coeur-orange\/","title":{"rendered":"Collier coeur orange"},"content":{"rendered":"<p>C\u0153ur en verre Millefiori orange sur cordon en coton cir\u00e9 blanc, ajustable gr\u00e2ce \u00e0 sa cha\u00eene d&rsquo;extension.<\/p>\n<p>Longueur r\u00e9glable de 45 \u00e0 50 cm. Le pendentif mesure 2,5 cm de haut sur 2,5 cm de large.<\/p>\n<p>Le cordon peut \u00eatre remplac\u00e9 par une autre couleur ou un autre style de cordon sur demande, selon stock disponible.<\/p>\n","protected":false},"excerpt":{"rendered":"<p>C\u0153ur en verre Millefiori orange sur cordon en coton cir\u00e9 blanc, ajustable gr\u00e2ce \u00e0 sa cha\u00eene d&rsquo;extension. Longueur r\u00e9glable de 45 \u00e0 50 cm. Le pendentif mesure 2,5 cm de haut sur 2,5 cm de large. Le cordon peut \u00eatre remplac\u00e9 par une autre couleur ou un autre style de cordon sur demande, selon stock [&hellip;]<\/p>\n","protected":false},"featured_media":2550,"comment_status":"open","ping_status":"closed","template":"","meta":[],"product_brand":[],"product_cat":[41],"product_tag":[],"class_list":{"0":"post-2599","1":"product","2":"type-product","3":"status-publish","4":"has-post-thumbnail","6":"product_cat-colliers","8":"entry","9":"has-media","11":"first","12":"instock","13":"taxable","14":"shipping-taxable","15":"purchasable","16":"product-type-simple","17":"has-product-nav","18":"col","19":"span_1_of_4","20":"owp-content-center","21":"owp-thumbs-layout-horizontal","22":"owp-btn-normal","23":"owp-tabs-layout-horizontal"},"jetpack_sharing_enabled":true,"_links":{"self":[{"href":"https:\/\/latelierdusequoia.fr\/index.php\/wp-json\/wp\/v2\/product\/2599","targetHints":{"allow":["GET"]}}],"collection":[{"href":"https:\/\/latelierdusequoia.fr\/index.php\/wp-json\/wp\/v2\/product"}],"about":[{"href":"https:\/\/latelierdusequoia.fr\/index.php\/wp-json\/wp\/v2\/types\/product"}],"replies":[{"embeddable":true,"href":"https:\/\/latelierdusequoia.fr\/index.php\/wp-json\/wp\/v2\/comments?post=2599"}],"wp:featuredmedia":[{"embeddable":true,"href":"https:\/\/latelierdusequoia.fr\/index.php\/wp-json\/wp\/v2\/media\/2550"}],"wp:attachment":[{"href":"https:\/\/latelierdusequoia.fr\/index.php\/wp-json\/wp\/v2\/media?parent=2599"}],"wp:term":[{"taxonomy":"product_brand","embeddable":true,"href":"https:\/\/latelierdusequoia.fr\/index.php\/wp-json\/wp\/v2\/product_brand?post=2599"},{"taxonomy":"product_cat","embeddable":true,"href":"https:\/\/latelierdusequoia.fr\/index.php\/wp-json\/wp\/v2\/product_cat?post=2599"},{"taxonomy":"product_tag","embeddable":true,"href":"https:\/\/latelierdusequoia.fr\/index.php\/wp-json\/wp\/v2\/product_tag?post=2599"}],"curies":[{"name":"wp","href":"https:\/\/api.w.org\/{rel}","templated":true}]}}