{"id":2142,"date":"2023-09-05T21:18:52","date_gmt":"2023-09-05T19:18:52","guid":{"rendered":"https:\/\/latelierdusequoia.fr\/?post_type=product&#038;p=2142"},"modified":"2023-11-11T16:31:18","modified_gmt":"2023-11-11T15:31:18","slug":"bague-sodalite-3","status":"publish","type":"product","link":"https:\/\/latelierdusequoia.fr\/index.php\/product\/bague-sodalite-3\/","title":{"rendered":"Bague sodalite"},"content":{"rendered":"<p>Bague r\u00e9glable en m\u00e9tal argent\u00e9 avec cabochon ovale de 13*18mm en pierre gemme de type sodalite.<\/p>\n<p>Chaque pierre \u00e9tant unique, celle que vous recevrez peut \u00eatre l\u00e9g\u00e8rement diff\u00e9rente de celle de la photo.<\/p>\n","protected":false},"excerpt":{"rendered":"<p>Bague r\u00e9glable en m\u00e9tal argent\u00e9 avec cabochon ovale de 13*18mm en pierre gemme de type sodalite. Chaque pierre \u00e9tant unique, celle que vous recevrez peut \u00eatre l\u00e9g\u00e8rement diff\u00e9rente de celle de la photo.<\/p>\n","protected":false},"featured_media":2045,"comment_status":"open","ping_status":"closed","template":"","meta":[],"product_brand":[],"product_cat":[34],"product_tag":[],"class_list":{"0":"post-2142","1":"product","2":"type-product","3":"status-publish","4":"has-post-thumbnail","6":"product_cat-bagues","8":"entry","9":"has-media","11":"first","12":"instock","13":"taxable","14":"shipping-taxable","15":"purchasable","16":"product-type-simple","17":"has-product-nav","18":"col","19":"span_1_of_4","20":"owp-content-center","21":"owp-thumbs-layout-horizontal","22":"owp-btn-normal","23":"owp-tabs-layout-horizontal"},"jetpack_sharing_enabled":true,"_links":{"self":[{"href":"https:\/\/latelierdusequoia.fr\/index.php\/wp-json\/wp\/v2\/product\/2142","targetHints":{"allow":["GET"]}}],"collection":[{"href":"https:\/\/latelierdusequoia.fr\/index.php\/wp-json\/wp\/v2\/product"}],"about":[{"href":"https:\/\/latelierdusequoia.fr\/index.php\/wp-json\/wp\/v2\/types\/product"}],"replies":[{"embeddable":true,"href":"https:\/\/latelierdusequoia.fr\/index.php\/wp-json\/wp\/v2\/comments?post=2142"}],"wp:featuredmedia":[{"embeddable":true,"href":"https:\/\/latelierdusequoia.fr\/index.php\/wp-json\/wp\/v2\/media\/2045"}],"wp:attachment":[{"href":"https:\/\/latelierdusequoia.fr\/index.php\/wp-json\/wp\/v2\/media?parent=2142"}],"wp:term":[{"taxonomy":"product_brand","embeddable":true,"href":"https:\/\/latelierdusequoia.fr\/index.php\/wp-json\/wp\/v2\/product_brand?post=2142"},{"taxonomy":"product_cat","embeddable":true,"href":"https:\/\/latelierdusequoia.fr\/index.php\/wp-json\/wp\/v2\/product_cat?post=2142"},{"taxonomy":"product_tag","embeddable":true,"href":"https:\/\/latelierdusequoia.fr\/index.php\/wp-json\/wp\/v2\/product_tag?post=2142"}],"curies":[{"name":"wp","href":"https:\/\/api.w.org\/{rel}","templated":true}]}}