{"id":1495,"date":"2023-08-15T18:56:37","date_gmt":"2023-08-15T16:56:37","guid":{"rendered":"https:\/\/latelierdusequoia.fr\/?post_type=product&#038;p=1495"},"modified":"2023-11-11T16:13:39","modified_gmt":"2023-11-11T15:13:39","slug":"boucles-doreilles-rose-et-fleurs-sur-fonds-blanc","status":"publish","type":"product","link":"https:\/\/latelierdusequoia.fr\/index.php\/product\/boucles-doreilles-rose-et-fleurs-sur-fonds-blanc\/","title":{"rendered":"Boucles d&rsquo;oreilles rose et fleurs sur fonds blanc"},"content":{"rendered":"<p>Boucles d&rsquo;oreilles avec petites perles roses et perles olives en c\u00e9ramiques, motifs fleurs sur fonds blanc. Les crochets d&rsquo;oreilles sont en m\u00e9tal argent\u00e9.<\/p>\n<p>La hauteur (hors crochets) est de 4,5 cm et la largeur au point le plus large est de 1,5 cm.<\/p>\n<p>Chaque boucle d&rsquo;oreilles p\u00e8se 4 gr.<\/p>\n<p>Ne vous fiez pas au mannequin pour la hauteur des boucles d&rsquo;oreilles, il n&rsquo;est l\u00e0 que pour montrer la fa\u00e7on dont celles-ci tombent.<\/p>\n","protected":false},"excerpt":{"rendered":"<p>Boucles d&rsquo;oreilles avec petites perles roses et perles olives en c\u00e9ramiques, motifs fleurs sur fonds blanc. Les crochets d&rsquo;oreilles sont en m\u00e9tal argent\u00e9. La hauteur (hors crochets) est de 4,5 cm et la largeur au point le plus large est de 1,5 cm. Chaque boucle d&rsquo;oreilles p\u00e8se 4 gr. Ne vous fiez pas au mannequin [&hellip;]<\/p>\n","protected":false},"featured_media":1435,"comment_status":"open","ping_status":"closed","template":"","meta":[],"product_brand":[],"product_cat":[36],"product_tag":[],"class_list":{"0":"post-1495","1":"product","2":"type-product","3":"status-publish","4":"has-post-thumbnail","6":"product_cat-boucles-doreilles","8":"entry","9":"has-media","11":"first","12":"instock","13":"taxable","14":"shipping-taxable","15":"purchasable","16":"product-type-simple","17":"has-product-nav","18":"col","19":"span_1_of_4","20":"owp-content-center","21":"owp-thumbs-layout-horizontal","22":"owp-btn-normal","23":"owp-tabs-layout-horizontal"},"jetpack_sharing_enabled":true,"_links":{"self":[{"href":"https:\/\/latelierdusequoia.fr\/index.php\/wp-json\/wp\/v2\/product\/1495","targetHints":{"allow":["GET"]}}],"collection":[{"href":"https:\/\/latelierdusequoia.fr\/index.php\/wp-json\/wp\/v2\/product"}],"about":[{"href":"https:\/\/latelierdusequoia.fr\/index.php\/wp-json\/wp\/v2\/types\/product"}],"replies":[{"embeddable":true,"href":"https:\/\/latelierdusequoia.fr\/index.php\/wp-json\/wp\/v2\/comments?post=1495"}],"wp:featuredmedia":[{"embeddable":true,"href":"https:\/\/latelierdusequoia.fr\/index.php\/wp-json\/wp\/v2\/media\/1435"}],"wp:attachment":[{"href":"https:\/\/latelierdusequoia.fr\/index.php\/wp-json\/wp\/v2\/media?parent=1495"}],"wp:term":[{"taxonomy":"product_brand","embeddable":true,"href":"https:\/\/latelierdusequoia.fr\/index.php\/wp-json\/wp\/v2\/product_brand?post=1495"},{"taxonomy":"product_cat","embeddable":true,"href":"https:\/\/latelierdusequoia.fr\/index.php\/wp-json\/wp\/v2\/product_cat?post=1495"},{"taxonomy":"product_tag","embeddable":true,"href":"https:\/\/latelierdusequoia.fr\/index.php\/wp-json\/wp\/v2\/product_tag?post=1495"}],"curies":[{"name":"wp","href":"https:\/\/api.w.org\/{rel}","templated":true}]}}